{"id":186,"date":"2022-11-14T20:37:56","date_gmt":"2022-11-15T01:37:56","guid":{"rendered":"https:\/\/coofinanzas.com\/?page_id=186"},"modified":"2025-07-14T12:20:34","modified_gmt":"2025-07-14T17:20:34","slug":"contactenos","status":"publish","type":"page","link":"https:\/\/coofinanzas.com\/index.php\/contactenos\/","title":{"rendered":"Contactenos"},"content":{"rendered":"\t\t<div data-elementor-type=\"wp-page\" data-elementor-id=\"186\" class=\"elementor elementor-186\">\n\t\t\t\t\t\t\t\t\t<section class=\"elementor-section elementor-top-section elementor-element elementor-element-16ec123 elementor-section-boxed elementor-section-height-default elementor-section-height-default\" data-id=\"16ec123\" data-element_type=\"section\">\n\t\t\t\t\t\t<div class=\"elementor-container elementor-column-gap-default\">\n\t\t\t\t\t<div class=\"elementor-column elementor-col-100 elementor-top-column elementor-element elementor-element-bb47a6d\" data-id=\"bb47a6d\" data-element_type=\"column\">\n\t\t\t<div class=\"elementor-widget-wrap elementor-element-populated\">\n\t\t\t\t\t\t\t\t<div class=\"elementor-element elementor-element-62390db elementor-widget elementor-widget-image\" data-id=\"62390db\" data-element_type=\"widget\" data-widget_type=\"image.default\">\n\t\t\t\t<div class=\"elementor-widget-container\">\n\t\t\t<style>\/*! elementor - v3.8.1 - 13-11-2022 *\/\n.elementor-widget-image{text-align:center}.elementor-widget-image a{display:inline-block}.elementor-widget-image a img[src$=\".svg\"]{width:48px}.elementor-widget-image img{vertical-align:middle;display:inline-block}<\/style>\t\t\t\t\t\t\t\t\t\t\t\t<img loading=\"lazy\" decoding=\"async\" width=\"640\" height=\"133\" src=\"https:\/\/coofinanzas.com\/wp-content\/uploads\/2022\/11\/contactenos-1024x213.jpg\" class=\"attachment-large size-large\" alt=\"\" srcset=\"https:\/\/coofinanzas.com\/wp-content\/uploads\/2022\/11\/contactenos-1024x213.jpg 1024w, https:\/\/coofinanzas.com\/wp-content\/uploads\/2022\/11\/contactenos-300x63.jpg 300w, https:\/\/coofinanzas.com\/wp-content\/uploads\/2022\/11\/contactenos-768x160.jpg 768w, https:\/\/coofinanzas.com\/wp-content\/uploads\/2022\/11\/contactenos-1536x320.jpg 1536w, https:\/\/coofinanzas.com\/wp-content\/uploads\/2022\/11\/contactenos-850x177.jpg 850w, https:\/\/coofinanzas.com\/wp-content\/uploads\/2022\/11\/contactenos.jpg 1920w\" sizes=\"auto, (max-width: 640px) 100vw, 640px\" \/>\t\t\t\t\t\t\t\t\t\t\t\t\t\t\t<\/div>\n\t\t\t\t<\/div>\n\t\t\t\t\t<\/div>\n\t\t<\/div>\n\t\t\t\t\t\t\t<\/div>\n\t\t<\/section>\n\t\t\t\t<section class=\"elementor-section elementor-top-section elementor-element elementor-element-3980bd8a elementor-section-boxed elementor-section-height-default elementor-section-height-default\" data-id=\"3980bd8a\" data-element_type=\"section\">\n\t\t\t\t\t\t<div class=\"elementor-container elementor-column-gap-default\">\n\t\t\t\t\t<div class=\"elementor-column elementor-col-100 elementor-top-column elementor-element elementor-element-44eb9065\" data-id=\"44eb9065\" data-element_type=\"column\">\n\t\t\t<div class=\"elementor-widget-wrap elementor-element-populated\">\n\t\t\t\t\t\t\t\t<div class=\"elementor-element elementor-element-1cf99ac3 elementor-widget elementor-widget-text-editor\" data-id=\"1cf99ac3\" data-element_type=\"widget\" data-widget_type=\"text-editor.default\">\n\t\t\t\t<div class=\"elementor-widget-container\">\n\t\t\t<style>\/*! elementor - v3.8.1 - 13-11-2022 *\/\n.elementor-widget-text-editor.elementor-drop-cap-view-stacked .elementor-drop-cap{background-color:#818a91;color:#fff}.elementor-widget-text-editor.elementor-drop-cap-view-framed .elementor-drop-cap{color:#818a91;border:3px solid;background-color:transparent}.elementor-widget-text-editor:not(.elementor-drop-cap-view-default) .elementor-drop-cap{margin-top:8px}.elementor-widget-text-editor:not(.elementor-drop-cap-view-default) .elementor-drop-cap-letter{width:1em;height:1em}.elementor-widget-text-editor .elementor-drop-cap{float:left;text-align:center;line-height:1;font-size:50px}.elementor-widget-text-editor .elementor-drop-cap-letter{display:inline-block}<\/style>\t\t\t\t<h2>&nbsp;<span style=\"color: #ff0000;\">SEDE PRINCIPAL:<\/span><\/h2>\n<h2>Carrera 8 # 12 c 35 oficina 404 Edificio Andes<\/h2>\n<h2>Tel\u00e9fonos:&nbsp; 311 758 4490 &#8211; 311 702 1613<br><\/h2>\n<p><!-- \/wp:paragraph --><!-- wp:paragraph --><\/p>\n<h3>Correo electr\u00f3nico:&nbsp; <i><span style=\"color: #0000ff;\">coofinanzas@hotmail.com<\/span> <\/i><\/h3>\n<h3>Bogot\u00e1 D.C. &#8211; Colombia <\/h3>\t\t\t\t\t\t<\/div>\n\t\t\t\t<\/div>\n\t\t\t\t\t<\/div>\n\t\t<\/div>\n\t\t\t\t\t\t\t<\/div>\n\t\t<\/section>\n\t\t\t\t\t\t\t<\/div>\n\t\t","protected":false},"excerpt":{"rendered":"<p>&nbsp;SEDE PRINCIPAL: Carrera 8 # 12 c 35 oficina 404 Edificio Andes Tel\u00e9fonos:&nbsp; 311 758 4490 &#8211; 311 702 1613 Correo electr\u00f3nico:&nbsp; coofinanzas@hotmail.com Bogot\u00e1 D.C. &#8211; Colombia<\/p>\n","protected":false},"author":1,"featured_media":0,"parent":0,"menu_order":4,"comment_status":"closed","ping_status":"closed","template":"","meta":{"om_disable_all_campaigns":false,"_monsterinsights_skip_tracking":false,"_monsterinsights_sitenote_active":false,"_monsterinsights_sitenote_note":"","_monsterinsights_sitenote_category":0,"footnotes":""},"class_list":["post-186","page","type-page","status-publish","hentry"],"aioseo_notices":[],"_links":{"self":[{"href":"https:\/\/coofinanzas.com\/index.php\/wp-json\/wp\/v2\/pages\/186","targetHints":{"allow":["GET"]}}],"collection":[{"href":"https:\/\/coofinanzas.com\/index.php\/wp-json\/wp\/v2\/pages"}],"about":[{"href":"https:\/\/coofinanzas.com\/index.php\/wp-json\/wp\/v2\/types\/page"}],"author":[{"embeddable":true,"href":"https:\/\/coofinanzas.com\/index.php\/wp-json\/wp\/v2\/users\/1"}],"replies":[{"embeddable":true,"href":"https:\/\/coofinanzas.com\/index.php\/wp-json\/wp\/v2\/comments?post=186"}],"version-history":[{"count":29,"href":"https:\/\/coofinanzas.com\/index.php\/wp-json\/wp\/v2\/pages\/186\/revisions"}],"predecessor-version":[{"id":353,"href":"https:\/\/coofinanzas.com\/index.php\/wp-json\/wp\/v2\/pages\/186\/revisions\/353"}],"wp:attachment":[{"href":"https:\/\/coofinanzas.com\/index.php\/wp-json\/wp\/v2\/media?parent=186"}],"curies":[{"name":"wp","href":"https:\/\/api.w.org\/{rel}","templated":true}]}}