{"id":184,"date":"2022-11-14T20:29:22","date_gmt":"2022-11-15T01:29:22","guid":{"rendered":"https:\/\/coofinanzas.com\/?page_id=184"},"modified":"2024-02-19T09:58:33","modified_gmt":"2024-02-19T14:58:33","slug":"servicios","status":"publish","type":"page","link":"https:\/\/coofinanzas.com\/index.php\/servicios\/","title":{"rendered":"Servicios"},"content":{"rendered":"\t\t<div data-elementor-type=\"wp-page\" data-elementor-id=\"184\" class=\"elementor elementor-184\">\n\t\t\t\t\t\t\t\t\t<section class=\"elementor-section elementor-top-section elementor-element elementor-element-464c52e4 elementor-section-boxed elementor-section-height-default elementor-section-height-default\" data-id=\"464c52e4\" data-element_type=\"section\">\n\t\t\t\t\t\t<div class=\"elementor-container elementor-column-gap-default\">\n\t\t\t\t\t<div class=\"elementor-column elementor-col-100 elementor-top-column elementor-element elementor-element-70455b98\" data-id=\"70455b98\" data-element_type=\"column\">\n\t\t\t<div class=\"elementor-widget-wrap elementor-element-populated\">\n\t\t\t\t\t\t\t\t<div class=\"elementor-element elementor-element-4cc67d6d elementor-widget elementor-widget-text-editor\" data-id=\"4cc67d6d\" data-element_type=\"widget\" data-widget_type=\"text-editor.default\">\n\t\t\t\t<div class=\"elementor-widget-container\">\n\t\t\t<style>\/*! elementor - v3.8.1 - 13-11-2022 *\/\n.elementor-widget-text-editor.elementor-drop-cap-view-stacked .elementor-drop-cap{background-color:#818a91;color:#fff}.elementor-widget-text-editor.elementor-drop-cap-view-framed .elementor-drop-cap{color:#818a91;border:3px solid;background-color:transparent}.elementor-widget-text-editor:not(.elementor-drop-cap-view-default) .elementor-drop-cap{margin-top:8px}.elementor-widget-text-editor:not(.elementor-drop-cap-view-default) .elementor-drop-cap-letter{width:1em;height:1em}.elementor-widget-text-editor .elementor-drop-cap{float:left;text-align:center;line-height:1;font-size:50px}.elementor-widget-text-editor .elementor-drop-cap-letter{display:inline-block}<\/style>\t\t\t\t<p>LA COOPERATIVA CONCEDER\u00c1 CR\u00c9DITOS A SUS ASOCIADOS EN LAS SIGUIENTES MODALIDADES:<\/p>\t\t\t\t\t\t<\/div>\n\t\t\t\t<\/div>\n\t\t\t\t\t<\/div>\n\t\t<\/div>\n\t\t\t\t\t\t\t<\/div>\n\t\t<\/section>\n\t\t\t\t<section class=\"elementor-section elementor-top-section elementor-element elementor-element-f26f7ce elementor-section-boxed elementor-section-height-default elementor-section-height-default\" data-id=\"f26f7ce\" data-element_type=\"section\">\n\t\t\t\t\t\t<div class=\"elementor-container elementor-column-gap-default\">\n\t\t\t\t\t<div class=\"elementor-column elementor-col-100 elementor-top-column elementor-element elementor-element-4a05e76\" data-id=\"4a05e76\" data-element_type=\"column\">\n\t\t\t<div class=\"elementor-widget-wrap elementor-element-populated\">\n\t\t\t\t\t\t\t\t<div class=\"elementor-element elementor-element-b3eb5bb elementor-widget elementor-widget-heading\" data-id=\"b3eb5bb\" data-element_type=\"widget\" data-widget_type=\"heading.default\">\n\t\t\t\t<div class=\"elementor-widget-container\">\n\t\t\t<style>\/*! elementor - v3.8.1 - 13-11-2022 *\/\n.elementor-heading-title{padding:0;margin:0;line-height:1}.elementor-widget-heading .elementor-heading-title[class*=elementor-size-]>a{color:inherit;font-size:inherit;line-height:inherit}.elementor-widget-heading .elementor-heading-title.elementor-size-small{font-size:15px}.elementor-widget-heading .elementor-heading-title.elementor-size-medium{font-size:19px}.elementor-widget-heading .elementor-heading-title.elementor-size-large{font-size:29px}.elementor-widget-heading .elementor-heading-title.elementor-size-xl{font-size:39px}.elementor-widget-heading .elementor-heading-title.elementor-size-xxl{font-size:59px}<\/style><h2 class=\"elementor-heading-title elementor-size-default\">Cr\u00e9dito en Efectivo a trav\u00e9s de libranza:<\/h2>\t\t<\/div>\n\t\t\t\t<\/div>\n\t\t\t\t\t<\/div>\n\t\t<\/div>\n\t\t\t\t\t\t\t<\/div>\n\t\t<\/section>\n\t\t\t\t<section class=\"elementor-section elementor-top-section elementor-element elementor-element-3ffc5ee elementor-section-boxed elementor-section-height-default elementor-section-height-default\" data-id=\"3ffc5ee\" data-element_type=\"section\">\n\t\t\t\t\t\t<div class=\"elementor-container elementor-column-gap-default\">\n\t\t\t\t\t<div class=\"elementor-column elementor-col-100 elementor-top-column elementor-element elementor-element-b0c1215\" data-id=\"b0c1215\" data-element_type=\"column\">\n\t\t\t<div class=\"elementor-widget-wrap elementor-element-populated\">\n\t\t\t\t\t\t\t\t<div class=\"elementor-element elementor-element-2159fc1 elementor-widget elementor-widget-image\" data-id=\"2159fc1\" data-element_type=\"widget\" data-widget_type=\"image.default\">\n\t\t\t\t<div class=\"elementor-widget-container\">\n\t\t\t<style>\/*! elementor - v3.8.1 - 13-11-2022 *\/\n.elementor-widget-image{text-align:center}.elementor-widget-image a{display:inline-block}.elementor-widget-image a img[src$=\".svg\"]{width:48px}.elementor-widget-image img{vertical-align:middle;display:inline-block}<\/style>\t\t\t\t\t\t\t\t\t\t\t\t<img loading=\"lazy\" decoding=\"async\" width=\"272\" height=\"185\" src=\"https:\/\/coofinanzas.com\/wp-content\/uploads\/2022\/11\/dinero4.jpeg\" class=\"attachment-medium size-medium\" alt=\"\" \/>\t\t\t\t\t\t\t\t\t\t\t\t\t\t\t<\/div>\n\t\t\t\t<\/div>\n\t\t\t\t<div class=\"elementor-element elementor-element-cf110cb elementor-widget elementor-widget-text-editor\" data-id=\"cf110cb\" data-element_type=\"widget\" data-widget_type=\"text-editor.default\">\n\t\t\t\t<div class=\"elementor-widget-container\">\n\t\t\t\t\t\t\t<p>Es la modalidad de cr\u00e9dito en la cual el desembolso se hace mediante cheque o consignaci\u00f3n directamente en la cuenta del titular del cr\u00e9dito<br><\/p>\t\t\t\t\t\t<\/div>\n\t\t\t\t<\/div>\n\t\t\t\t\t<\/div>\n\t\t<\/div>\n\t\t\t\t\t\t\t<\/div>\n\t\t<\/section>\n\t\t\t\t<section class=\"elementor-section elementor-top-section elementor-element elementor-element-3e8bfcc elementor-section-boxed elementor-section-height-default elementor-section-height-default\" data-id=\"3e8bfcc\" data-element_type=\"section\">\n\t\t\t\t\t\t<div class=\"elementor-container elementor-column-gap-default\">\n\t\t\t\t\t<div class=\"elementor-column elementor-col-100 elementor-top-column elementor-element elementor-element-94953e7\" data-id=\"94953e7\" data-element_type=\"column\">\n\t\t\t<div class=\"elementor-widget-wrap elementor-element-populated\">\n\t\t\t\t\t\t\t\t<div class=\"elementor-element elementor-element-7988b0b elementor-widget elementor-widget-heading\" data-id=\"7988b0b\" data-element_type=\"widget\" data-widget_type=\"heading.default\">\n\t\t\t\t<div class=\"elementor-widget-container\">\n\t\t\t<h2 class=\"elementor-heading-title elementor-size-default\">Cr\u00e9dito de Emergencia:<\/h2>\t\t<\/div>\n\t\t\t\t<\/div>\n\t\t\t\t\t<\/div>\n\t\t<\/div>\n\t\t\t\t\t\t\t<\/div>\n\t\t<\/section>\n\t\t\t\t<section class=\"elementor-section elementor-top-section elementor-element elementor-element-113aef6 elementor-section-boxed elementor-section-height-default elementor-section-height-default\" data-id=\"113aef6\" data-element_type=\"section\">\n\t\t\t\t\t\t<div class=\"elementor-container elementor-column-gap-default\">\n\t\t\t\t\t<div class=\"elementor-column elementor-col-100 elementor-top-column elementor-element elementor-element-3de2fbc\" data-id=\"3de2fbc\" data-element_type=\"column\">\n\t\t\t<div class=\"elementor-widget-wrap elementor-element-populated\">\n\t\t\t\t\t\t\t\t<div class=\"elementor-element elementor-element-e9417c7 elementor-widget elementor-widget-image\" data-id=\"e9417c7\" data-element_type=\"widget\" data-widget_type=\"image.default\">\n\t\t\t\t<div class=\"elementor-widget-container\">\n\t\t\t\t\t\t\t\t\t\t\t\t\t\t\t<img loading=\"lazy\" decoding=\"async\" width=\"282\" height=\"300\" src=\"https:\/\/coofinanzas.com\/wp-content\/uploads\/2022\/11\/emergencia-282x300.jpg\" class=\"attachment-medium size-medium\" alt=\"\" srcset=\"https:\/\/coofinanzas.com\/wp-content\/uploads\/2022\/11\/emergencia-282x300.jpg 282w, https:\/\/coofinanzas.com\/wp-content\/uploads\/2022\/11\/emergencia-768x817.jpg 768w, https:\/\/coofinanzas.com\/wp-content\/uploads\/2022\/11\/emergencia-300x319.jpg 300w, https:\/\/coofinanzas.com\/wp-content\/uploads\/2022\/11\/emergencia.jpg 800w\" sizes=\"auto, (max-width: 282px) 100vw, 282px\" \/>\t\t\t\t\t\t\t\t\t\t\t\t\t\t\t<\/div>\n\t\t\t\t<\/div>\n\t\t\t\t<div class=\"elementor-element elementor-element-5974750 elementor-widget elementor-widget-text-editor\" data-id=\"5974750\" data-element_type=\"widget\" data-widget_type=\"text-editor.default\">\n\t\t\t\t<div class=\"elementor-widget-container\">\n\t\t\t\t\t\t\t<p align=\"justify\">Es aquel que se concede para cubrir apremiantes gastos&nbsp; de los asociados sin tener en cuenta&nbsp; el monto de sus aportes, siempre y cuando las amortizaciones del capital&nbsp; mas los intereses est\u00e9n garantizados por Libranzas Pagar\u00e9s &nbsp; debidamente aceptadas por las entidades donde el asociado presta sus servicios o el jubilado cobra su pensi\u00f3n, de forma que dicha entidad adquiera la obligaci\u00f3n&nbsp; plena de hacer los respectivos descuentos con destino a COOFINANZAS de conformidad con el art\u00edculo 142 de la ley 79 de 1.988.<\/p><\/justify>\t\t\t\t\t\t<\/div>\n\t\t\t\t<\/div>\n\t\t\t\t\t<\/div>\n\t\t<\/div>\n\t\t\t\t\t\t\t<\/div>\n\t\t<\/section>\n\t\t\t\t<section class=\"elementor-section elementor-top-section elementor-element elementor-element-8c0f037 elementor-section-boxed elementor-section-height-default elementor-section-height-default\" data-id=\"8c0f037\" data-element_type=\"section\">\n\t\t\t\t\t\t<div class=\"elementor-container elementor-column-gap-default\">\n\t\t\t\t\t<div class=\"elementor-column elementor-col-100 elementor-top-column elementor-element elementor-element-6b84fc0\" data-id=\"6b84fc0\" data-element_type=\"column\">\n\t\t\t<div class=\"elementor-widget-wrap elementor-element-populated\">\n\t\t\t\t\t\t\t\t<div class=\"elementor-element elementor-element-2757507 elementor-widget elementor-widget-heading\" data-id=\"2757507\" data-element_type=\"widget\" data-widget_type=\"heading.default\">\n\t\t\t\t<div class=\"elementor-widget-container\">\n\t\t\t<h2 class=\"elementor-heading-title elementor-size-default\">Otros Cr\u00e9ditos:<br><\/h2>\t\t<\/div>\n\t\t\t\t<\/div>\n\t\t\t\t\t<\/div>\n\t\t<\/div>\n\t\t\t\t\t\t\t<\/div>\n\t\t<\/section>\n\t\t\t\t<section class=\"elementor-section elementor-top-section elementor-element elementor-element-956c664 elementor-section-boxed elementor-section-height-default elementor-section-height-default\" data-id=\"956c664\" data-element_type=\"section\">\n\t\t\t\t\t\t<div class=\"elementor-container elementor-column-gap-default\">\n\t\t\t\t\t<div class=\"elementor-column elementor-col-100 elementor-top-column elementor-element elementor-element-6652db4\" data-id=\"6652db4\" data-element_type=\"column\">\n\t\t\t<div class=\"elementor-widget-wrap elementor-element-populated\">\n\t\t\t\t\t\t\t\t<div class=\"elementor-element elementor-element-f62564f elementor-widget elementor-widget-image\" data-id=\"f62564f\" data-element_type=\"widget\" data-widget_type=\"image.default\">\n\t\t\t\t<div class=\"elementor-widget-container\">\n\t\t\t\t\t\t\t\t\t\t\t\t\t\t\t<img loading=\"lazy\" decoding=\"async\" width=\"225\" height=\"225\" src=\"https:\/\/coofinanzas.com\/wp-content\/uploads\/2022\/11\/signo-pesos.jpeg\" class=\"attachment-large size-large\" alt=\"\" srcset=\"https:\/\/coofinanzas.com\/wp-content\/uploads\/2022\/11\/signo-pesos.jpeg 225w, https:\/\/coofinanzas.com\/wp-content\/uploads\/2022\/11\/signo-pesos-150x150.jpeg 150w\" sizes=\"auto, (max-width: 225px) 100vw, 225px\" \/>\t\t\t\t\t\t\t\t\t\t\t\t\t\t\t<\/div>\n\t\t\t\t<\/div>\n\t\t\t\t<div class=\"elementor-element elementor-element-cc40683 elementor-widget elementor-widget-text-editor\" data-id=\"cc40683\" data-element_type=\"widget\" data-widget_type=\"text-editor.default\">\n\t\t\t\t<div class=\"elementor-widget-container\">\n\t\t\t\t\t\t\t<p>Se efect\u00faan cr\u00e9ditos especiales permitidos estatutariamente\u00a0 como educaci\u00f3n, salud, recreaci\u00f3n, deportes y otras formas.<\/p>\t\t\t\t\t\t<\/div>\n\t\t\t\t<\/div>\n\t\t\t\t\t<\/div>\n\t\t<\/div>\n\t\t\t\t\t\t\t<\/div>\n\t\t<\/section>\n\t\t\t\t<section class=\"elementor-section elementor-top-section elementor-element elementor-element-908b62f elementor-section-boxed elementor-section-height-default elementor-section-height-default\" data-id=\"908b62f\" data-element_type=\"section\">\n\t\t\t\t\t\t<div class=\"elementor-container elementor-column-gap-default\">\n\t\t\t\t\t<div class=\"elementor-column elementor-col-100 elementor-top-column elementor-element elementor-element-6293e29\" data-id=\"6293e29\" data-element_type=\"column\">\n\t\t\t<div class=\"elementor-widget-wrap elementor-element-populated\">\n\t\t\t\t\t\t\t\t<div class=\"elementor-element elementor-element-118537e elementor-widget elementor-widget-heading\" data-id=\"118537e\" data-element_type=\"widget\" data-widget_type=\"heading.default\">\n\t\t\t\t<div class=\"elementor-widget-container\">\n\t\t\t<h2 class=\"elementor-heading-title elementor-size-default\">Tabla de Inter\u00e9s:<\/h2>\t\t<\/div>\n\t\t\t\t<\/div>\n\t\t\t\t\t<\/div>\n\t\t<\/div>\n\t\t\t\t\t\t\t<\/div>\n\t\t<\/section>\n\t\t\t\t<section class=\"elementor-section elementor-top-section elementor-element elementor-element-904accb elementor-section-boxed elementor-section-height-default elementor-section-height-default\" data-id=\"904accb\" data-element_type=\"section\">\n\t\t\t\t\t\t<div class=\"elementor-container elementor-column-gap-default\">\n\t\t\t\t\t<div class=\"elementor-column elementor-col-100 elementor-top-column elementor-element elementor-element-6eb6312\" data-id=\"6eb6312\" data-element_type=\"column\">\n\t\t\t<div class=\"elementor-widget-wrap elementor-element-populated\">\n\t\t\t\t\t\t\t\t<div class=\"elementor-element elementor-element-a27f7ed elementor-widget elementor-widget-image\" data-id=\"a27f7ed\" data-element_type=\"widget\" data-widget_type=\"image.default\">\n\t\t\t\t<div class=\"elementor-widget-container\">\n\t\t\t\t\t\t\t\t\t\t\t\t\t\t\t<img loading=\"lazy\" decoding=\"async\" width=\"640\" height=\"626\" src=\"https:\/\/coofinanzas.com\/wp-content\/uploads\/2024\/02\/img003-1024x1001.jpg\" class=\"attachment-large size-large\" alt=\"\" srcset=\"https:\/\/coofinanzas.com\/wp-content\/uploads\/2024\/02\/img003-1024x1001.jpg 1024w, https:\/\/coofinanzas.com\/wp-content\/uploads\/2024\/02\/img003-300x293.jpg 300w, https:\/\/coofinanzas.com\/wp-content\/uploads\/2024\/02\/img003-768x750.jpg 768w, https:\/\/coofinanzas.com\/wp-content\/uploads\/2024\/02\/img003-850x831.jpg 850w, https:\/\/coofinanzas.com\/wp-content\/uploads\/2024\/02\/img003.jpg 1314w\" sizes=\"auto, (max-width: 640px) 100vw, 640px\" \/>\t\t\t\t\t\t\t\t\t\t\t\t\t\t\t<\/div>\n\t\t\t\t<\/div>\n\t\t\t\t\t<\/div>\n\t\t<\/div>\n\t\t\t\t\t\t\t<\/div>\n\t\t<\/section>\n\t\t\t\t\t\t\t<\/div>\n\t\t","protected":false},"excerpt":{"rendered":"<p>LA COOPERATIVA CONCEDER\u00c1 CR\u00c9DITOS A SUS ASOCIADOS EN LAS SIGUIENTES MODALIDADES: Cr\u00e9dito en Efectivo a trav\u00e9s de libranza: Es la modalidad de cr\u00e9dito en la cual el desembolso se hace mediante cheque o consignaci\u00f3n directamente en la cuenta del titular del cr\u00e9dito Cr\u00e9dito de Emergencia: Es aquel que se concede para cubrir apremiantes gastos&nbsp; de&#8230;<\/p>\n","protected":false},"author":1,"featured_media":0,"parent":0,"menu_order":0,"comment_status":"closed","ping_status":"closed","template":"","meta":{"om_disable_all_campaigns":false,"_monsterinsights_skip_tracking":false,"_monsterinsights_sitenote_active":false,"_monsterinsights_sitenote_note":"","_monsterinsights_sitenote_category":0,"footnotes":""},"class_list":["post-184","page","type-page","status-publish","hentry"],"aioseo_notices":[],"_links":{"self":[{"href":"https:\/\/coofinanzas.com\/index.php\/wp-json\/wp\/v2\/pages\/184","targetHints":{"allow":["GET"]}}],"collection":[{"href":"https:\/\/coofinanzas.com\/index.php\/wp-json\/wp\/v2\/pages"}],"about":[{"href":"https:\/\/coofinanzas.com\/index.php\/wp-json\/wp\/v2\/types\/page"}],"author":[{"embeddable":true,"href":"https:\/\/coofinanzas.com\/index.php\/wp-json\/wp\/v2\/users\/1"}],"replies":[{"embeddable":true,"href":"https:\/\/coofinanzas.com\/index.php\/wp-json\/wp\/v2\/comments?post=184"}],"version-history":[{"count":70,"href":"https:\/\/coofinanzas.com\/index.php\/wp-json\/wp\/v2\/pages\/184\/revisions"}],"predecessor-version":[{"id":320,"href":"https:\/\/coofinanzas.com\/index.php\/wp-json\/wp\/v2\/pages\/184\/revisions\/320"}],"wp:attachment":[{"href":"https:\/\/coofinanzas.com\/index.php\/wp-json\/wp\/v2\/media?parent=184"}],"curies":[{"name":"wp","href":"https:\/\/api.w.org\/{rel}","templated":true}]}}